{"id":813,"date":"2014-01-12T19:38:09","date_gmt":"2014-01-12T18:38:09","guid":{"rendered":"http:\/\/www.ardennes1940aceuxquiontresiste.org\/?page_id=813"},"modified":"2023-05-10T17:18:16","modified_gmt":"2023-05-10T16:18:16","slug":"nos-bulletins","status":"publish","type":"page","link":"http:\/\/www.ardennes1940aceuxquiontresiste.org\/?page_id=813","title":{"rendered":"Nos Bulletins"},"content":{"rendered":"\n<p><a name=\"top\"><\/a><br>Nous servons aux adh\u00e9rents un bulletin papier ou \u00e9lectronique, qui comporte une page d&rsquo;int\u00e9r\u00eat historique. Les sujets trait\u00e9s sont vari\u00e9s. Vous en avez la liste ci-dessous par ordre d\u00e9croissant du num\u00e9ro de bulletin.<br>Si vous recherchez un de ces articles, ouvrez le n\u00b0 du bulletin correspondant. Si vous ne le poss\u00e9dez pas (ou plus) demandez une copie \u00e0 Michel BAUDIER qui se fera un plaisir de vous l&rsquo;adresser, \u00e0 condition que vous pr\u00e9cisiez votre adresse mail. Pr\u00e9cisez bien le n\u00b0 et le titre de l&rsquo;article recherch\u00e9 !<\/p>\n\n\n\n<div class=\"wp-block-group\"><div class=\"wp-block-group__inner-container is-layout-constrained wp-block-group-is-layout-constrained\">\n<div class=\"wp-block-columns is-layout-flex wp-container-core-columns-is-layout-9d6595d7 wp-block-columns-is-layout-flex\">\n<div class=\"wp-block-column is-layout-flow wp-block-column-is-layout-flow\" style=\"flex-basis:100%\">\n<figure class=\"wp-block-table is-style-stripes\"><table><tbody><tr><td><strong>ARTICLE<\/strong><\/td><td><strong>NUMERO DE BULLETIN<\/strong><\/td><\/tr><tr><td>Une d\u00e9cision criminelle : l\u2019image abandonn\u00e9e aux nazis<\/td><td>102<\/td><\/tr><tr><td>Les Alli\u00e9s avaient toutes les cartes en mains pour battre Hitler (affaire Roessler)<\/td><td>101<\/td><\/tr><tr><td>Une usine de V2 en France, Zone Interdite<\/td><td>100<\/td><\/tr><tr><td>Il faut ma\u00eetriser la France (WOL)<\/td><td>99<\/td><\/tr><tr><td>La purge d\u2019Hitler chez les militaires en f\u00e9vrier 1938.<br>Qui peut le croire ? g\u00e9n\u00e9ral Flavigny 21\u00b0 CA<\/td><td>98<\/td><\/tr><tr><td>La fabrique de l\u2019ignorance<\/td><td>97<\/td><\/tr><tr><td>\u00c9tat de la 3\u00b0 DCR le 12 mai 1940 par le g\u00e9n\u00e9ral Delvaux chef E.M.<\/td><td>96<\/td><\/tr><tr><td>Avertis d\u00e8s 1928 !<\/td><td>95<\/td><\/tr><tr><td>Des occasions manqu\u00e9es : septembre 1938<\/td><td>94<\/td><\/tr><tr><td>Des pantouflards ont plong\u00e9 de vrais r\u00e9sistants dans l&rsquo;oubli (escadrille Normandie-Niemen) &#8211; Surprise ? non ! Mensonge ! (t\u00e9moignage du g\u00e9n\u00e9ral MARTY)<\/td><td>93<\/td><\/tr><tr><td>Les performances de l&rsquo;aviation allemande pr\u00e9sent\u00e9es au g\u00e9n\u00e9ral VUILLEMIN (chef d&rsquo;Etat-Major de l&rsquo;Arm\u00e9e de l&rsquo;Air)<\/td><td>90<\/td><\/tr><tr><td>L&rsquo;Arm\u00e9e de l&rsquo;Air jug\u00e9e par le g\u00e9n\u00e9ral JAUNEAUD<\/td><td>89<\/td><\/tr><tr><td>La Wehrmacht \u00e9tait la premi\u00e8re inform\u00e9e !<\/td><td>88<\/td><\/tr><tr><td>L&rsquo;arm\u00e9e de 1940 vue par un officier d&rsquo;\u00c9tat-Major de Corps d&rsquo;Arm\u00e9e<\/td><td>86<\/td><\/tr><tr><td>Un face \u00e0 face explosif devant le Mont Damion &#8211; 17 mai 1940)<\/td><td>85<\/td><\/tr><tr><td>Glanes historiques : Dangereuse confusion &#8211; La chasse \u00e0 la v\u00e9rit\u00e9 &#8211; Une des trahisons de P\u00e9tain<\/td><td>84<\/td><\/tr><tr><td>L&rsquo;ALCA du 21\u00b0 Corps d&rsquo;Arm\u00e9e (109\u00b0 RALH)<\/td><td>82<\/td><\/tr><tr><td>Un poste de secours enterr\u00e9 : celui du II\u00b0 bataillon du 123\u00b0 RI au vallon d&rsquo;Ecogne \u00e0 Oches (m\u00e9decin : Andr\u00e9 DUFILHO)<\/td><td>81<\/td><\/tr><tr><td>Les r\u00e9fugi\u00e9s<\/td><td>80<\/td><\/tr><tr><td>La d\u00e9route fran\u00e7aise de 1940 : la faute aux Belges ?<\/td><td>79<\/td><\/tr><tr><td>9 et 10 juin : la perc\u00e9e de Ch\u00e2teau Porcien n&rsquo;a pas \u00e9t\u00e9 du g\u00e2teau !<\/td><td>78<\/td><\/tr><tr><td>L&rsquo;\u00e9croulement d&rsquo;un mythe (usage de drogue)<\/td><td>77<\/td><\/tr><tr><td>On (Les Fran\u00e7ais) \u00e9tait donc bien inform\u00e9s d\u00e8s f\u00e9vrier 1941<\/td><td>76<\/td><\/tr><tr><td>Une \u00e9nigme polono-fran\u00e7aise.\n<p>&nbsp;<\/p>\n<p>Temp\u00eate au Grand Etat-Major et au Gouvernement (fran\u00e7ais)<\/p>\n<\/td><td>75<\/td><\/tr><tr><td>Les Ardennes, terre maudite ?<\/td><td>74<\/td><\/tr><tr><td>Rapport du g\u00e9n\u00e9ral B\u00e9zanger concernant le 45\u00b0 BCCGie sur le char H 39 (Hotchkiss 39)<\/td><td>73<\/td><\/tr><tr><td>Pr\u00e9sences surprenantes<\/td><td>72<\/td><\/tr><tr><td>Guderian sous un autre angle<\/td><td>71<\/td><\/tr><tr><td>Des destin\u00e9es hors du commun parmi les rescap\u00e9s des volontaires \u00e9trangers du 21\u00b0 RMVE<\/td><td>70<\/td><\/tr><tr><td>Recherche des morts par l&rsquo;abb\u00e9 Hubert cur\u00e9 de Sauville<br>L&rsquo;\u00e9trange victoire allemande &#8211; l&rsquo;\u00e9trange d\u00e9faite fran\u00e7aise (notes de lecture)<\/td><td>69<\/td><\/tr><tr><td>Vision de Oches le 23 mai 1940<br>Frontstalag<\/td><td>68<\/td><\/tr><tr><td>Une invasion est-elle encore possible ? Marc Bloch<br>Pr\u00e9sents mais invisibles (l&rsquo;aviation fran\u00e7aise)<\/td><td>67<\/td><\/tr><tr><td>Enigma<br>10 mai 1940 : divergences de strat\u00e9gies entre les EM belge et fran\u00e7ais<\/td><td>66<\/td><\/tr><tr><td>Le Stuka objet de terreur<\/td><td>65<\/td><\/tr><tr><td>De nos anc\u00eatres les Gaulois \u00e0 mai 1940 (Le Cosquer)<\/td><td>64<\/td><\/tr><tr><td>Mauvaise organisation des transports : rel\u00e8ve difficile de la 3\u00b0 DIM<br>Hitler et le peuple allemand par Werner Otto M\u00fcller Hill<\/td><td>63<\/td><\/tr><tr><td>14 mai 1940 : beaucoup d&rsquo;interrogations (\u00e0 partir d&rsquo;A. Gillet)<\/td><td>62<\/td><\/tr><tr><td>Baldur von Schirach \u00e0 Stonne<br>Alors que la Hollande mobilise, Huntziger s\u00e8me la confusion sur les rives de la Meuse<\/td><td>61<\/td><\/tr><tr><td>&#8230;Un opposant \u00e0 Hitler \u00e0 La berli\u00e8re<\/td><td>&nbsp;<\/td><\/tr><tr><td>&#8230;Huntziger s\u00e8me la confusion Lt Gonthier 147\u00b0 RIF<\/td><td>&nbsp;<\/td><\/tr><tr><td>Les r\u00e9fugi\u00e9s &#8211; Cne de Poncins 19\u00b0 GRCA<br>Les r\u00e9fugi\u00e9s &#8211; T\u00e9moignages : Poncius et Hocquard<\/td><td>60<\/td><\/tr><tr><td>&#8230;-MdL Ch Hocquard 6\u00b0 GRDI<\/td><td>&nbsp;<\/td><\/tr><tr><td>Le calvaire des bless\u00e9s (Lucien Carron)<br>Origines de la R\u00e9conciliation \u00e0 Stonne- R\u00e9conciliation \u00e0 Attigny &#8211; Saint Pierremont<\/td><td>58<\/td><\/tr><tr><td>L&rsquo;arm\u00e9e fran\u00e7aise \u00e0 la d\u00e9claration de guerre (R Dufourg)<br>A propos d&rsquo;Huntziger<\/td><td>57<\/td><\/tr><tr><td>La prise des Cendri\u00e8res (t\u00e9moignage de E Bange) &#8211; le r\u00e9giment Brandenburg<\/td><td>56<\/td><\/tr><tr><td>Jugements sur mai-juin 1940<\/td><td>55<\/td><\/tr><tr><td>Ti\u00e9ma Koudougouni (6\u00b0 RICMS) et Morcenx (Landes)<\/td><td>54-53<\/td><\/tr><tr><td>Enigma<br>L\u2019arme blind\u00e9e \u2013 Jacques DUBOIN (1922)<\/td><td>54<\/td><\/tr><tr><td>DCA \u00e0 Hauvin\u00e9<br>Autorisations de circuler 1939-40<\/td><td>53<\/td><\/tr><tr><td>\u00c9lus volontaires morts au combat en 08<br>Chasseurs de chars fran\u00e7ais \u00e0 St Etienne \u00e0 Arnes<br>Sedan zone en p\u00e9ril<br>La Division Cuirass\u00e9e<\/td><td>52<\/td><\/tr><tr><td>Le 14\u00b0 RI de Vouziers au Chesne (14-15-16 mai 1940)<\/td><td>51<\/td><\/tr><tr><td>Le Poste de Secours du 91\u00b0 RI \u00e0 Noci\u00e8ve<br>Le r\u00f4le de la 71\u00b0 DI<\/td><td>50<\/td><\/tr><tr><td>Reportage sur le camp de concentration de Dachau (VU 1933)<\/td><td>49<\/td><\/tr><tr><td>La chapelle de Soest OFLAG VI A<\/td><td>48<\/td><\/tr><tr><td>L\u2019exode<\/td><td>47-46<\/td><\/tr><tr><td>La \u00ab surprise \u00bb du 10 mai<br>Les combats de Landres (1918)<\/td><td>45<\/td><\/tr><tr><td>La conf\u00e9rence de Buisson en ao\u00fbt 1940 \u00e0 Mailly le Camp<\/td><td>44<\/td><\/tr><tr><td>Le contest\u00e9 contestataire (Bernard Horen)<\/td><td>43<\/td><\/tr><tr><td>Avec le 12\u00b0 RTS le 10 juin au soir<br>Le g\u00e9n\u00e9ral Hube (16\u00b0 ID) et les Noirs<\/td><td>42<\/td><\/tr><tr><td>Les chars du 41\u00b0 BCC \u00e0 Olizy sur Chiers<\/td><td>41<\/td><\/tr><tr><td>Po\u00e9sie : mon \u00e9gal \u00e0 moi<\/td><td>40<\/td><\/tr><tr><td>Une PanzerDivision<br>Hommage au 21\u00b0 RMVE<\/td><td>38<\/td><\/tr><tr><td>Les chars \u00e0 Stonne en mai 1940<br>Exode mouvement\u00e9<\/td><td>37<\/td><\/tr><tr><td>Ils ont r\u00e9sist\u00e9 \u00e0 Voncq jusqu\u2019au 10 juin au soir (57\u00b0 RI)<\/td><td>35<\/td><\/tr><tr><td>Les tombes des militaires fran\u00e7ais en 1940<\/td><td>34<\/td><\/tr><tr><td>La Croix de Guerre<br>Exode<\/td><td>33<\/td><\/tr><tr><td>L\u2019aviation en mai 1940<\/td><td>31<\/td><\/tr><tr><td>Vingt hommes et dix chars (4\u00b0 BCC- 3\u00b0 Cie)<\/td><td>30<\/td><\/tr><tr><td>Traces de mai 1940 \u00e0 Dun sur Meuse (18\u00b0 CA)<\/td><td>29<\/td><\/tr><tr><td>La convention d\u2019armistice article 10 \u00a7 3<\/td><td>27<\/td><\/tr><tr><td>Les transmissions<\/td><td>26<\/td><\/tr><tr><td>L\u2019artillerie de la 3\u00b0 DIM<\/td><td>24-20<\/td><\/tr><tr><td>Lettre du 8 juin 1940 (6\u00b0 DI)<\/td><td>23<\/td><\/tr><tr><td>L\u2019aviation fran\u00e7aise le 16 mai (secteur de Stonne)<\/td><td>22<\/td><\/tr><tr><td>Premi\u00e8re salle d\u2019op\u00e9ration de campagne mobile (Haraucourt)<\/td><td>19<\/td><\/tr><tr><td>Un terrain d\u2019exercice sur 116 communes ?<br>Hauts parleurs en for\u00eat de Sommauthe<\/td><td>18<\/td><\/tr><tr><td>Souvenirs de Jos\u00e9 Bouchez (91\u00b0 RI)<\/td><td>17<\/td><\/tr><tr><td>Stonne : un symbole (16\u00b0 ID)<br>Ministre mort au combat \u00e0 Ch\u00e9mery<\/td><td>16<\/td><\/tr><tr><td>La bataille de la Marf\u00e9e du 6 juillet 1641<\/td><td>15-14<\/td><\/tr><tr><td>Un opposant allemand sous l\u2019uniforme fran\u00e7ais<\/td><td>14<\/td><\/tr><tr><td>Des blind\u00e9s fran\u00e7ais pour la Wehrmacht<br>Un renard en Argonne (14-18)<\/td><td>13<\/td><\/tr><tr><td>Saint Exup\u00e9ry au GR 2\/33<br>Un cheval fusill\u00e9<\/td><td>12<\/td><\/tr><\/tbody><\/table><\/figure>\n<\/div>\n<\/div>\n<\/div><\/div>\n\n\n\n<p><a href=\"#top\">Haut de la page<\/a><\/p>\n\n\n","protected":false},"excerpt":{"rendered":"<p>Nous servons aux adh\u00e9rents un bulletin papier ou \u00e9lectronique, qui comporte une page d&rsquo;int\u00e9r\u00eat historique. Les sujets trait\u00e9s sont vari\u00e9s. Vous en avez la liste ci-dessous par ordre d\u00e9croissant du num\u00e9ro de bulletin.Si vous recherchez un de ces articles, ouvrez le n\u00b0 du bulletin correspondant. Si vous ne le poss\u00e9dez pas (ou plus) demandez une [&hellip;]<\/p>\n","protected":false},"author":1,"featured_media":0,"parent":0,"menu_order":0,"comment_status":"closed","ping_status":"closed","template":"page-templates\/front-page.php","meta":{"footnotes":""},"class_list":["post-813","page","type-page","status-publish","hentry"],"_links":{"self":[{"href":"http:\/\/www.ardennes1940aceuxquiontresiste.org\/index.php?rest_route=\/wp\/v2\/pages\/813","targetHints":{"allow":["GET"]}}],"collection":[{"href":"http:\/\/www.ardennes1940aceuxquiontresiste.org\/index.php?rest_route=\/wp\/v2\/pages"}],"about":[{"href":"http:\/\/www.ardennes1940aceuxquiontresiste.org\/index.php?rest_route=\/wp\/v2\/types\/page"}],"author":[{"embeddable":true,"href":"http:\/\/www.ardennes1940aceuxquiontresiste.org\/index.php?rest_route=\/wp\/v2\/users\/1"}],"replies":[{"embeddable":true,"href":"http:\/\/www.ardennes1940aceuxquiontresiste.org\/index.php?rest_route=%2Fwp%2Fv2%2Fcomments&post=813"}],"version-history":[{"count":42,"href":"http:\/\/www.ardennes1940aceuxquiontresiste.org\/index.php?rest_route=\/wp\/v2\/pages\/813\/revisions"}],"predecessor-version":[{"id":2651,"href":"http:\/\/www.ardennes1940aceuxquiontresiste.org\/index.php?rest_route=\/wp\/v2\/pages\/813\/revisions\/2651"}],"wp:attachment":[{"href":"http:\/\/www.ardennes1940aceuxquiontresiste.org\/index.php?rest_route=%2Fwp%2Fv2%2Fmedia&parent=813"}],"curies":[{"name":"wp","href":"https:\/\/api.w.org\/{rel}","templated":true}]}}