{"id":613,"date":"2013-10-16T19:25:43","date_gmt":"2013-10-16T18:25:43","guid":{"rendered":"http:\/\/www.ardennes1940aceuxquiontresiste.org\/?page_id=613"},"modified":"2017-04-29T18:31:03","modified_gmt":"2017-04-29T17:31:03","slug":"bois-de-sommauthe","status":"publish","type":"page","link":"http:\/\/www.ardennes1940aceuxquiontresiste.org\/?page_id=613","title":{"rendered":"Bois de Sommauthe &#8211; Oches &#8211; Mont Damion \/ 2\u00b0 DLC"},"content":{"rendered":"<h3>Du 15 au 18 mai : la 2\u00b0 Division L\u00e9g\u00e8re de Cavalerie stoppe la X\u00b0 Panzerdivision sur l&rsquo;axe Stonne &#8211; Beaumont<\/h3>\n<p><a name=\"top\"><\/a><br \/>\nApr\u00e8s la perc\u00e9e de Sedan, une ligne de r\u00e9sistance est d\u00e9finie sur l\u2019axe Stonne-Beaumont-Laneuville-Stenay. La 2\u00b0 Division L\u00e9g\u00e8re de Cavalerie est la premi\u00e8re sur place. Voici sa composition :<\/p>\n<li>3\u00b0 Brigade de Cavalerie : 18\u00b0 R\u00e9giment de Chasseurs, 5\u00b0 R\u00e9giment de Cuirassiers<\/li>\n<li>12\u00b0 Brigade L\u00e9g\u00e8re Motoris\u00e9e : 2\u00b0 R\u00e9giment d\u2019Auto-Mitrailleuses (AM Reconnaissance Renault+AM D\u00e9couverte Panhard), 3\u00b0 R\u00e9giment de Dragons Port\u00e9s, 2\u00b0Escadron Divisionnaire Anti-Chars (canons de 25)<\/li>\n<li>artillerie : 73\u00b0 R\u00e9giment d\u2019Artillerie (1 groupe 75 + 1 groupe 105), 10\u00b0 Batterie Divisionnaire Anti-Chars (canons de 47)<\/li>\n<li>+ services : g\u00e9nie, train, transmissions, intendance, sant\u00e9\n<\/li>\n<p><\/br><\/p>\n<h4>Le 14 mai<\/h4>\n<p>Alert\u00e9e le 13 mai au soir, les \u00e9l\u00e9ments de la 2\u00b0 DLC, retour de Belgique, arrivent progressivement sur le secteur La Besace-Beaumont le 14 mai. Le 18\u00b0 R\u00e9giment de Chasseurs se positionne au nord de Sommauthe, le 5\u00b0 R\u00e9giment de Cuirassiers \u00e0  sa droite, vers Beaumont. Sommauthe et ses environs subissent des bombardements a\u00e9riens toute la journ\u00e9e.<\/p>\n<p>En fin d\u2019apr\u00e8s-midi, l\u2019essentiel est en place :<br \/>\nLe 3\u00b0 Dragons rel\u00e8ve les Chasseurs au Nord de Sommauthe. L\u2019artillerie est en place au sud de Sommauthe<br \/>\nLa Besace est d\u00e9fendu par des \u00e9l\u00e9ments du 205\u00b0 RI (71\u00b0 DI). L\u2019arriv\u00e9e de la 1\u00b0 DIC sur Beaumont entra\u00eene le report des Cuirassiers vers les bois du Grand Dieulet.<\/p>\n<h4>Le 15 mai<\/h4>\n<p>\u00c0 l\u2019aube, une attaque ennemie, appuy\u00e9e par des chars (X\u00b0 PzDiv) venant par la vall\u00e9e de l\u2019Ennemanne, rejette le 205\u00b0 RI au sud de La Besace. \u00c0 6h, une contre-attaque fran\u00e7aise mont\u00e9e avec les chars \u2026. du 3\u00b0 BCL repousse l\u2019ennemi qui progressait vers Yoncq. Une partie des chars avance sur les cr\u00eates Est de Yoncq qui dominent.<\/p>\n<p>Le 3\u00b0 Dragons s\u2019installe en for\u00eat de Sommauthe, face \u00e0 La Besace. Il cr\u00e9e deux barrages antichars, en dessous de La Bagnole et pr\u00e8s de Warnifor\u00eat.<\/p>\n<p>En fin de matin\u00e9e, 3 engins blind\u00e9s ennemis d\u00e9bouchent du Bois de Raucourt et s\u2019avancent sur la route vers Warnifor\u00eat o\u00f9 ils font demi-tour. Ils sont accueillis au retour par nos canons de 25 : 2 s\u2019enflamment et le 3\u00b0 s\u2019\u00e9chappe vers La Besace.<\/p>\n<p>A 13 h, une colonne de blind\u00e9s progresse de La Besace vers Yoncq et la ferme de la Harnoterie, PC du 12\u00b0 R\u00e9giment de Zouaves. Des tirs d\u2019arr\u00eat de l\u2019artillerie (1\u00b0 groupe du 1\u00b0 RAC) mettent 6 chars en feu, en bloquent 8 et provoquent le repli des assaillants.<\/p>\n<p>\u00c0 14h, une nouvelle attaque, massive de chars (six de front) se dirige vers la cote 207. Les antichars post\u00e9s en for\u00eat en d\u00e9truisent 8. Mais les tirs concentr\u00e9s sur les lisi\u00e8res  causent des pertes sensibles dans nos rangs. Des accrochages ont lieu autour de Yoncq d\u00e9fendu par le 12\u00b0 Zouaves qui r\u00e9siste et d\u00e9truit plusieurs blind\u00e9s avec ses canons de 25. Les tirs d\u2019arr\u00eat de l\u2019artillerie bloquent toute progression de l\u2019infanterie bien en vue sur le plateau.<\/p>\n<p>\u00c0 15 h d\u00e9marre la contre-offensive Roucaud qui d\u00e9gage Yoncq et avance jusque Pourron et Mouzon. Le 2\u00b0 RAM et un escadron mixte : AMD + motos renforcent le 12\u00b0 Zouaves \u00e0 Yoncq. Mais l\u2019ennemi bien renseign\u00e9 des mouvements de nos troupes par ses mouchards engage l\u2019aviation  en fin de journ\u00e9e : elle mitraille tout ce qui a \u00e9t\u00e9 rep\u00e9r\u00e9.<\/p>\n<p>La journ\u00e9e a \u00e9t\u00e9 chaude, l\u2019ennemi  a partout \u00e9t\u00e9 tenu en \u00e9chec et a subi des pertes sensibles en hommes et en mat\u00e9riel.<br \/>\n<img loading=\"lazy\" decoding=\"async\" src=\"http:\/\/www.ardennes1940aceuxquiontresiste.org\/wp-content\/uploads\/St\u00e8leBoisSommauthe.jpg\" alt=\"St\u00e8leBoisSommauthe\" width=\"400\" height=\"266\" class=\"aligncenter size-medium wp-image-632\" srcset=\"http:\/\/www.ardennes1940aceuxquiontresiste.org\/wp-content\/uploads\/St\u00e8leBoisSommauthe-300x200.jpg 300w, http:\/\/www.ardennes1940aceuxquiontresiste.org\/wp-content\/uploads\/St\u00e8leBoisSommauthe-1024x684.jpg 1024w, http:\/\/www.ardennes1940aceuxquiontresiste.org\/wp-content\/uploads\/St\u00e8leBoisSommauthe-624x417.jpg 624w\" sizes=\"auto, (max-width: 400px) 100vw, 400px\" \/><\/p>\n<h4>Le 16 mai<\/h4>\n<p>Une contre-attaque est pr\u00e9vue \u00e0 13 h sur La Besace avec le 12\u00b0 BLM et l\u2019appui de l\u2019artillerie, mais des attaques a\u00e9riennes surviennent sur les zones Nord de la for\u00eat o\u00f9 les mouvements ont \u00e9t\u00e9 rep\u00e9r\u00e9s par le mouchard. Ils causent des pertes au 3\u00b0 Dragons et au 5\u00b0 Cuirassiers De plus, des chars s\u2019embourbent dans les terrains humides en lisi\u00e8re de la for\u00eat. L\u2019attaque est toutefois maintenue. Le 3\u00b0 Dragons atteint la route de Beaumont ; \u00e0 gauche, le 2\u00b0 RAM progresse et l\u2019escadron moto parvient \u00e0 La Besace et repousse les groupes ennemis en place. Mais trop isol\u00e9, il est rappel\u00e9 \u00e0 la nuit sur ses positions initiales. Les avant-gardes de la 6\u00b0 Division d\u2019Infanterie Coloniale arrivent en soir\u00e9e pour pr\u00e9parer la rel\u00e8ve.<\/p>\n<h4>Le 17 mai<\/h4>\n<p>Diverses patrouilles ennemies d\u2019engins blind\u00e9s viennent t\u00e2ter notre r\u00e9sistance en divers endroits du Bois de Sommauthe. Des attaques a\u00e9riennes bombardent nos positions en for\u00eat. La 6\u00b0 DIC arrive \u00e0 l\u2019est et rel\u00e8ve le 18\u00b0 Chasseurs au Bois du Dieulet. Mais ces mouvements sont vite rep\u00e9r\u00e9s et mitraill\u00e9s par des Stuka vite alert\u00e9s. En fin de matin\u00e9e, les avant-gardes de la 6\u00b0 DIC (5\u00b0 RICMS) arrivent au Mont Damion en plein bombardement et en pleine attaque ennemie. Des infiltrations ont lieu entre le 67\u00b0 RI (Cendri\u00e8res) et le Bataillon Month\u00e9lie (3\u00b0 RDP). Vers 17h, le groupe Month\u00e9lie est en difficult\u00e9. Les S\u00e9n\u00e9galais surpris se d\u00e9bandent en for\u00eat, mais sont r\u00e9cup\u00e9r\u00e9s et rassembl\u00e9s en lisi\u00e8re sud avant de remonter en ligne. En fin de journ\u00e9e, la situation est stabilis\u00e9e. <\/p>\n<p>A noter: La X\u00b0 PzDivision est rappel\u00e9e \u00e0 Montcornet par Guderian, furieux des d\u00e9bordements de ses coll\u00e8gues et de l\u2019ordre d\u2019arr\u00eat de Hitler. Le r\u00e9giment Grossdeutschland, \u00e9puis\u00e9, est relev\u00e9 par la 16\u00b0 ID sur La Besace-Stonne et la 24\u00b0 ID sur le Mont Dieu.<\/p>\n<h4>Le 18 mai<\/h4>\n<p>La 6\u00b0 DIC assure la rel\u00e8ve compl\u00e8te de la 2\u00b0 DLC qui est maintenue en arri\u00e8re, en 2\u00b0 ligne de d\u00e9fense. H\u00e9las l\u2019attaque g\u00e9n\u00e9rale ennemie entre 16 et 17 h, sur tout le front du 3\u00b0 RDP, permet des infiltrations en divers endroits. Des flottements se produisent \u00e0 nouveau au sein du 5\u00b0 RICMS charg\u00e9 de la rel\u00e8ve, souvent par manque de liaison ; certains se d\u00e9bandent et sont \u00e0 nouveau r\u00e9cup\u00e9r\u00e9s, rassur\u00e9s et remis en ligne.<\/p>\n<p>Le 3\u00b0 RDP doit se maintenir afin de r\u00e9tablir la situation et le calme n\u00e9cessaire \u00e0 la rel\u00e8ve. Ce calme revient en effet \u00e0 la nuit, permettant les passations de consignes et l\u2019occupation des positions par la 6\u00b0 DIC.<\/p>\n<p>La 2\u00b0 DLC peut alors gagner les positions assign\u00e9es autour de Verri\u00e8re, Oches, Saint Pierremont, panser ses plaies et effectuer les r\u00e9parations indispensables.<\/p>\n<p><a href=\"http:\/\/www.ardennes1940aceuxquiontresiste.org\/wp-content\/uploads\/CarteBoisSommauthe.jpg\"><img loading=\"lazy\" decoding=\"async\" src=\"http:\/\/www.ardennes1940aceuxquiontresiste.org\/wp-content\/uploads\/CarteBoisSommauthe.gif\" alt=\"CarteBoisSommauthe\" width=\"700\" height=\"725\" class=\"aligncenter size-full wp-image-631\" \/><\/a><br \/>\n<a href=\"#top\">Haut de la page<\/a><span style=\"float: right;\">Suite : <a href=\"http:\/\/www.ardennes1940aceuxquiontresiste.org\/?page_id=847\" title=\"Bois de Sommauthe \u2013 Mont Damion \/ 6\u00b0 DIC\">6\u00b0 Division d&rsquo;Infanterie Coloniale<\/a><br \/>\nRetour : <a href=\"http:\/\/www.ardennes1940aceuxquiontresiste.org\/?page_id=593\">Secteur Bois de Sommauthe &#8211; Mont Damion<\/a><br \/>\nRetour : <a href=\"http:\/\/www.ardennes1940aceuxquiontresiste.org\/?page_id=22\">liste des secteurs<\/a><\/span><\/p>\n","protected":false},"excerpt":{"rendered":"<p>Du 15 au 18 mai : la 2\u00b0 Division L\u00e9g\u00e8re de Cavalerie stoppe la X\u00b0 Panzerdivision sur l&rsquo;axe Stonne &#8211; Beaumont Apr\u00e8s la perc\u00e9e de Sedan, une ligne de r\u00e9sistance est d\u00e9finie sur l\u2019axe Stonne-Beaumont-Laneuville-Stenay. La 2\u00b0 Division L\u00e9g\u00e8re de Cavalerie est la premi\u00e8re sur place. Voici sa composition : 3\u00b0 Brigade de Cavalerie : [&hellip;]<\/p>\n","protected":false},"author":1,"featured_media":0,"parent":593,"menu_order":1,"comment_status":"closed","ping_status":"closed","template":"page-templates\/front-page.php","meta":{"footnotes":""},"class_list":["post-613","page","type-page","status-publish","hentry"],"_links":{"self":[{"href":"http:\/\/www.ardennes1940aceuxquiontresiste.org\/index.php?rest_route=\/wp\/v2\/pages\/613","targetHints":{"allow":["GET"]}}],"collection":[{"href":"http:\/\/www.ardennes1940aceuxquiontresiste.org\/index.php?rest_route=\/wp\/v2\/pages"}],"about":[{"href":"http:\/\/www.ardennes1940aceuxquiontresiste.org\/index.php?rest_route=\/wp\/v2\/types\/page"}],"author":[{"embeddable":true,"href":"http:\/\/www.ardennes1940aceuxquiontresiste.org\/index.php?rest_route=\/wp\/v2\/users\/1"}],"replies":[{"embeddable":true,"href":"http:\/\/www.ardennes1940aceuxquiontresiste.org\/index.php?rest_route=%2Fwp%2Fv2%2Fcomments&post=613"}],"version-history":[{"count":52,"href":"http:\/\/www.ardennes1940aceuxquiontresiste.org\/index.php?rest_route=\/wp\/v2\/pages\/613\/revisions"}],"predecessor-version":[{"id":1970,"href":"http:\/\/www.ardennes1940aceuxquiontresiste.org\/index.php?rest_route=\/wp\/v2\/pages\/613\/revisions\/1970"}],"up":[{"embeddable":true,"href":"http:\/\/www.ardennes1940aceuxquiontresiste.org\/index.php?rest_route=\/wp\/v2\/pages\/593"}],"wp:attachment":[{"href":"http:\/\/www.ardennes1940aceuxquiontresiste.org\/index.php?rest_route=%2Fwp%2Fv2%2Fmedia&parent=613"}],"curies":[{"name":"wp","href":"https:\/\/api.w.org\/{rel}","templated":true}]}}