{"id":41,"date":"2013-03-17T11:40:31","date_gmt":"2013-03-17T10:40:31","guid":{"rendered":"http:\/\/www.ardennes1940aceuxquiontresiste.org\/?page_id=41"},"modified":"2014-07-13T12:07:46","modified_gmt":"2014-07-13T11:07:46","slug":"nos-interrogations","status":"publish","type":"page","link":"http:\/\/www.ardennes1940aceuxquiontresiste.org\/?page_id=41","title":{"rendered":"Nos interrogations"},"content":{"rendered":"<p><strong>Pourquoi<\/strong> le g\u00e9n\u00e9ral Huntziger commandant la II\u00b0 arm\u00e9e dont le PC \u00e9tait install\u00e9 \u00e0 Senuc a-t-il d\u00e9m\u00e9nag\u00e9 dans la nuit du 13 au 14 mai, au moment crucial, pour aller au fort de Landrecourt au sud de Verdun, \u00e9loignant du front son EM? Et pourquoi pr\u00e9texte-t-il un bombardemenrt sur Senuc pour obtenir l&rsquo;accord du HQG, alors qu&rsquo;aucune bombe (ni aucun parachutiste) n&rsquo;est tomb\u00e9e sur le secteur?<\/p>\n<p><strong>Pourquoi<\/strong> l&rsquo;exercice organis\u00e9 par le G\u00e9n\u00e9ral Pr\u00e9telat (commandant la II\u00b0 arm\u00e9e) en mai-juin 1938 et montrant que l&rsquo;arm\u00e9e allemande pouvait traverser le Luxembourg, l&rsquo;Ardenne belge, franchir la Meuse et parvenir \u00e0 Stonne en quatre jours n&rsquo;a-t-elle pas entra\u00een\u00e9 de r\u00e9action dans la strat\u00e9gie fran\u00e7aise?<\/p>\n<p><strong>Pourquoi<\/strong> l&rsquo;analyse de la campagne de Pologne faite par le G.Q.G et diffus\u00e9e le 1er octobre 1939, montrant que la campagne avait \u00e9t\u00e9 men\u00e9e par la combinaison de l&rsquo;action des chars, de l&rsquo;aviation et de l&rsquo;artillerie, n&rsquo;a-t-elle pas entra\u00een\u00e9 le renforcement des moyens de r\u00e9sistance sur les fronti\u00e8res?<\/p>\n<p><strong>Pourquoi<\/strong> le G\u00e9n\u00e9ral Gamelin s&rsquo;opposa-t-il aux conclusions de l&rsquo;exercice sur carte fait par le Conseil Sup\u00e9rieur de la Guerre en 1936 et par le G\u00e9n\u00e9ral Pr\u00e9telat en 1938 montrant qu&rsquo;en cas d&rsquo;attaque de Sedan, l&rsquo;assaillant arriverait rapidement sur la Meuse? Article de P RENAUD cc notre espion chez Hitler (Paillole) aaesg110-3\u00b0 trim 1986.<\/p>\n<p><strong>Pourquoi<\/strong> n&rsquo;a-t-on pas pris au s\u00e9rieux le rapport de P. Taittinger de d\u00e9but mars 1940 apr\u00e8s une visite des avant-postes de la II\u00b0 arm\u00e9e et disant: \u00ab\u00a0il semble qu&rsquo;il y ait des terres de malheur pour nos armes&#8230;\u00a0\u00bb \u00ab\u00a0DCA \u00e0 peu pr\u00e8s inexistante&#8230; l&rsquo;aviation allemande se prom\u00e8ne&#8230; photographie&#8230; et se r\u00e9fugie en Belgique&#8230; \u00e0 la premi\u00e8re apparition de nos chasseurs\u00a0\u00bb&#8230;\u00a0\u00bbJ&rsquo;estime qu&rsquo;il n&rsquo;y a aucune mesure urgente \u00e0 prendre&#8230;\u00a0\u00bb r\u00e9pondra Huntziger le 8 avril 1940. On a vu la suite!<\/p>\n<p><strong>Pourquoi<\/strong> le rapport du d\u00e9put\u00e9 Fernand Laurent de nov 1938 indiquant le manque d&rsquo;armement de casemates, le manque de mat\u00e9riel de ravitaillement, le manque de canons de 25, la d\u00e9ficience de notre DCA, la lenteur de fabrication des chars, le manque de munitions pour l&rsquo;aviation&#8230; n&rsquo;a-t-il aucun effet?<\/p>\n<p><strong>Pourquoi<\/strong> la lettre du S\u00e9nateur Paul B\u00e9nazet au G\u00e9n\u00e9ral Gamelin du 15 nov 1937 d\u00e9non\u00e7ant la v\u00e9tust\u00e9 de notre DCA reste-t-elle sans effet?<\/p>\n<p><strong>Pourquoi<\/strong> la lettre du G\u00e9n\u00e9ral Vuillemin \u00e0 Guy La Chambre, ministre de l&rsquo;Air, \u00e9crivant que l&rsquo;aviation de bombardement n&rsquo;existe pas, qu&rsquo;en cas de conflit, l&rsquo;aviation fran\u00e7aise serait \u00e9cras\u00e9e en quelques jours, n&rsquo;a-t-elle aucun effet?<\/p>\n<p><strong>Pourquoi<\/strong> les plans d&rsquo;invasion trouv\u00e9s dans l&rsquo;avion \u00e9gar\u00e9 \u00e0 Mechelen le 10 janvier 1940 n&rsquo;ont-ils pas \u00e9t\u00e9 pris en consid\u00e9ration?<\/p>\n<p><strong>Pourquoi<\/strong> le rapport de mission d\u00e9taill\u00e9 r\u00e9dig\u00e9 par le G\u00e9n\u00e9ral Faury sur la campagne de Pologne et les m\u00e9thodes employ\u00e9es par les troupes allemandes (celles qui seront employ\u00e9es en mai 40) est-il rest\u00e9 sans suite?<\/p>\n<p><strong>Pourquoi<\/strong> les observations pr\u00e9cises faites par l&rsquo;aviation de reconnaissance les 10 et 11 mai pr\u00e9cisant l&rsquo;avance des colonnes de blind\u00e9s de Guderian \u00e0 travers l&rsquo;Ardenne belge n&rsquo;ont-elles pas \u00e9t\u00e9 prises au s\u00e9rieux? Une intervention massive de l&rsquo;aviation alli\u00e9e aurait pu avoir des cons\u00e9quences importantes!<\/p>\n<p><strong>Pourquoi<\/strong> intercale-t-on le 10 mai et les jours suivants la 71\u00b0 DI entre le 55\u00b0 et la 3\u00b0 DINA, ce qui bouleverse toutes les positions et tous les rep\u00e8res, alors que de multiples mises en garde concernant une attaque imminente \u00e9taient parvenues en haut lieu? (voir la carte).<\/p>\n<p><strong>Pourquoi<\/strong> le rapport de Ren\u00e9 Marty, Officier d&rsquo;\u00e9tat-major au QG de Gamelin, charg\u00e9 en janvier 1940 d&rsquo;\u00e9tudier les conditions d&rsquo;arriv\u00e9e des forces allemandes sur la Meuse et concluant \u00e0 48 heures, sont-elles rest\u00e9es lettre morte?<\/p>\n<p><strong>Pourquoi<\/strong> laisse-t-on Hitler s&#8217;emparer de la Tch\u00e9coslovaquie le 15 mars 1939 et renforcer son potentiel militaire avec les productions des usines Skoda (notamment les chars) sans r\u00e9agir?<\/p>\n","protected":false},"excerpt":{"rendered":"<p>Pourquoi le g\u00e9n\u00e9ral Huntziger commandant la II\u00b0 arm\u00e9e dont le PC \u00e9tait install\u00e9 \u00e0 Senuc a-t-il d\u00e9m\u00e9nag\u00e9 dans la nuit du 13 au 14 mai, au moment crucial, pour aller au fort de Landrecourt au sud de Verdun, \u00e9loignant du front son EM? Et pourquoi pr\u00e9texte-t-il un bombardemenrt sur Senuc pour obtenir l&rsquo;accord du HQG, [&hellip;]<\/p>\n","protected":false},"author":1,"featured_media":0,"parent":0,"menu_order":0,"comment_status":"closed","ping_status":"closed","template":"page-templates\/front-page.php","meta":{"footnotes":""},"class_list":["post-41","page","type-page","status-publish","hentry"],"_links":{"self":[{"href":"http:\/\/www.ardennes1940aceuxquiontresiste.org\/index.php?rest_route=\/wp\/v2\/pages\/41","targetHints":{"allow":["GET"]}}],"collection":[{"href":"http:\/\/www.ardennes1940aceuxquiontresiste.org\/index.php?rest_route=\/wp\/v2\/pages"}],"about":[{"href":"http:\/\/www.ardennes1940aceuxquiontresiste.org\/index.php?rest_route=\/wp\/v2\/types\/page"}],"author":[{"embeddable":true,"href":"http:\/\/www.ardennes1940aceuxquiontresiste.org\/index.php?rest_route=\/wp\/v2\/users\/1"}],"replies":[{"embeddable":true,"href":"http:\/\/www.ardennes1940aceuxquiontresiste.org\/index.php?rest_route=%2Fwp%2Fv2%2Fcomments&post=41"}],"version-history":[{"count":3,"href":"http:\/\/www.ardennes1940aceuxquiontresiste.org\/index.php?rest_route=\/wp\/v2\/pages\/41\/revisions"}],"predecessor-version":[{"id":1102,"href":"http:\/\/www.ardennes1940aceuxquiontresiste.org\/index.php?rest_route=\/wp\/v2\/pages\/41\/revisions\/1102"}],"wp:attachment":[{"href":"http:\/\/www.ardennes1940aceuxquiontresiste.org\/index.php?rest_route=%2Fwp%2Fv2%2Fmedia&parent=41"}],"curies":[{"name":"wp","href":"https:\/\/api.w.org\/{rel}","templated":true}]}}