{"id":30,"date":"2013-03-17T11:33:15","date_gmt":"2013-03-17T10:33:15","guid":{"rendered":"http:\/\/www.ardennes1940aceuxquiontresiste.org\/?page_id=30"},"modified":"2017-02-07T13:15:19","modified_gmt":"2017-02-07T12:15:19","slug":"sedan-la-percee","status":"publish","type":"page","link":"http:\/\/www.ardennes1940aceuxquiontresiste.org\/?page_id=30","title":{"rendered":"Sedan, la perc\u00e9e"},"content":{"rendered":"<p><a name=\"top\"><\/a><br \/>\nAcc\u00e8s rapide aux paragraphes :<br \/>\n<a href=\"#chambardement\">Le chambardement permanent<\/a><br \/>\n<a href=\"#percee\">La perc\u00e9e<\/a><br \/>\n<a href=\"#vent\">Vent de terreur g\u00e9n\u00e9ralis\u00e9<\/a><br \/>\n<a name=\"chambardement\"><\/a><\/p>\n<h2>Le chambardement permanent<\/h2>\n<p><strong>Chambardement permanent \u00e0 la 55\u00b0 DI : source de confusion<\/strong><br \/>\n<img loading=\"lazy\" decoding=\"async\" src=\"http:\/\/www.ardennes1940aceuxquiontresiste.org\/wp-content\/uploads\/ChambardementAgriculture.gif\" alt=\"ChambardementAgriculture\" width=\"600\" height=\"393\" class=\"aligncenter size-full wp-image-1481\" \/><br \/>\nLe secteur de SEDAN comprenait 3 sous-secteurs avec chacun 1 r\u00e9giment ; chaque sous-secteur, 3 quartiers (1 bataillon) et chaque quartier , 3 centres de r\u00e9sistance (1 compagnie ), chaque centre de r\u00e9sistance, 4 centres d&rsquo;appui (1section).<\/p>\n<p>Les militaires assumaient des missions vari\u00e9es : construction, aide aux travaux agricoles, instruction. Le groupe qui sortait d&rsquo;une mission allait remplacer le groupe qui arrivait , quelque soit son unit\u00e9 d&rsquo;origine. On quittait ainsi un secteur connu pour revenir dans un secteur inconnu. C&rsquo;\u00e9tait le principe de rotation. Il en ressortait un m\u00e9lange des unit\u00e9s assez \u00e9tonnant : exemple \u00e0 Torcy : la 6\u00e8me compagnie du II\u00e8me bataillon du 295\u00b0RI comprend des militaires venant de 4 compagnies diff\u00e9rentes issues de 3 bataillons et de 3 r\u00e9giments&#8230; source de confusion, \u00e9videmment!<\/p>\n<p><strong>Changements en pleine attaque : une d\u00e9cision malvenue<\/strong><br \/>\n<img loading=\"lazy\" decoding=\"async\" src=\"http:\/\/www.ardennes1940aceuxquiontresiste.org\/wp-content\/uploads\/ChambardementCarte.jpg\" alt=\"ChambardementCarte\" width=\"512\" height=\"362\" class=\"alignright size-full wp-image-1483\" srcset=\"http:\/\/www.ardennes1940aceuxquiontresiste.org\/wp-content\/uploads\/ChambardementCarte.jpg 1024w, http:\/\/www.ardennes1940aceuxquiontresiste.org\/wp-content\/uploads\/ChambardementCarte-300x212.jpg 300w, http:\/\/www.ardennes1940aceuxquiontresiste.org\/wp-content\/uploads\/ChambardementCarte-624x441.jpg 624w\" sizes=\"auto, (max-width: 512px) 100vw, 512px\" \/><br \/>\nLa 55\u00e8me DI tenait de la Bar \u00e0 Remilly ; venait ensuite la 3\u00e8me DINA de Remilly \u00e0 la Fert\u00e9.<\/p>\n<p>Le 10 mai au soir, ordre est donn\u00e9 \u00e0 la 71\u00e8me DI (en r\u00e9serve) d&rsquo;occuper le secteur Pont-Maugis &#8211; Mouzon, bousculant ainsi les positions des 55\u00e8mes et 3\u00e8mes DINA.<\/p>\n<p>Le mouvement se fit les 12 et 13 mai : on quitte un secteur bien connu pour arriver dans un secteur inconnu&#8230; en pleine attaque allemande, sous un d\u00e9luge de bombes. L&rsquo;efficacit\u00e9 de la d\u00e9fense est \u00e9videmment amoindrie!<br \/>\n<a name=\"percee\"><\/a><\/p>\n<h2>La perc\u00e9e<\/h2>\n<p><img loading=\"lazy\" decoding=\"async\" src=\"http:\/\/www.ardennes1940aceuxquiontresiste.org\/wp-content\/uploads\/PerceeCarte.gif\" alt=\"PerceeCarte\" width=\"512\" height=\"383\" class=\"alignright size-full wp-image-1486\" \/><br \/>\nGuderian agit m\u00e9thodiquement et veut \u00e9craser toute r\u00e9sistance. Des vagues d\u2019avions se succ\u00e8dent presque sans interruption de 8h \u00e0 15h larguant leurs bombes dans le bruit de leurs sir\u00e8nes, d\u00e9truisant les lignes t\u00e9l\u00e9phoniques, visant les positions de l\u2019artillerie fran\u00e7aise \u00e0 l\u2019arri\u00e8re. C\u2019est le bombardement le plus massif de la campagne : 1500 bombardiers et chasseurs en continu.<\/p>\n<p>\u00c0 15h, les canots pneumatiques s\u2019\u00e9lancent sur la meuse et apr\u00e8s plusieurs tentatives finissent par prendre pied sur la rive gauche du fleuve, \u00e0 Gaulier (1\u00b0Pz), au Pont Neuf (Grossdeutschland). Ils passent \u00e0 la nage, non loin de la gare (10\u00b0Pz). La 2\u00b0Pz \u00e9choue \u00e0 Donchery. Ces petits groupes vont de la Boulette \u00e0 Cheveuges vers minuit. Le g\u00e9nie commence aussit\u00f4t la construction de ponts provisoires. Celui de Gaulier sera le premier op\u00e9rationnel. Mais plusieurs groupes r\u00e9sistent en for\u00eat malgr\u00e9 leur isolement; Ils rejoindront les lignes le lendemain.<\/p>\n<p>Cette atmosph\u00e8re d\u2019apocalypse provoque cependant la panique chez certains \u00e9l\u00e9ments, notamment dans un groupe d\u2019artillerie pr\u00e8s de Bulson.<br \/>\nAu soir du 13 mai, la Meuse est franchie, mais pas un seul char n\u2019est pass\u00e9. La situation est pr\u00e9caire.<br \/>\n<a name=\"vent\"><\/a><\/p>\n<h2>Vent de terreur g\u00e9n\u00e9ralis\u00e9<\/span><\/h2>\n<p><strong>13 Mai : L&rsquo;enfer au sud de la Meuse \u00e0 Sedan<br \/>\nUn bombardement a\u00e9rien terrifiant<\/strong><br \/>\n<img loading=\"lazy\" decoding=\"async\" src=\"http:\/\/www.ardennes1940aceuxquiontresiste.org\/wp-content\/uploads\/VentTerreurBombardement.gif\" alt=\"VentTerreurBombardement\" width=\"387\" height=\"262\" class=\"alignleft size-full wp-image-1492\" \/><br \/>\nT\u00e9moignage : \u00ab\u00a0Le fracas des explosions maintenant domine tout. Plus une autre sensation n&rsquo;existe. Bruit hallucinant de la torpille dont le sifflement grossit, s&rsquo;approche, se prolonge, on se sent personnellement vis\u00e9; on attend, les muscles raidis ; l&rsquo;\u00e9clatement est une d\u00e9livrance. Mais un autre, deux autres, dix autres&#8230; Les sifflements s&rsquo;entrecroisent en un lacis sans d\u00e9chirure, les explosions se fondent en un bruit de tonnerre indiscontinu. Lorsqu&rsquo;un instant son intensit\u00e9 diminue, on entend les respirations haletantes. Nous sommes l\u00e0, immobiles, silencieux, le dos courb\u00e9, tass\u00e9s sur nous-m\u00eames, la bouche ouverte pour ne pas avoir le tympan crev\u00e9. L&rsquo;abri oscille. Les secousses font jouer les rondins qui laissent couler un peu de terre par leurs interstices. La porte de t\u00f4le s&rsquo;ouvre et claque violemment \u00e0 chaque souffle. Un homme, affal\u00e9 tout contre, la referme d&rsquo;un geste m\u00e9canique. Les bombes sont de tous les calibres. Les petites sont lach\u00e9es par paquets. Les grosses ne sifflent pas : en tombant elles imitent \u00e0 s&rsquo;y m\u00e9prendre le grondement d&rsquo;un train qui s&rsquo;approche. Par deux fois, j&rsquo;ai de v\u00e9ritables hallucinations auditives : je suis dans une gare, un train arrive ; le fracas de l&rsquo;explosion secoue ma torpeur et me ram\u00e8ne brutalement \u00e0 la r\u00e9alit\u00e9. Les stukas se joignent aux bombardiers lourds. Le bruit de sir\u00e8ne de l&rsquo;avion qui pique me vrille l&rsquo;oreille et met les nerfs \u00e0 nu. Il vous prend envie de hurler.\u00a0\u00bb<\/p>\n<p><em>Henri MICHARD<br \/>\nLt au 147\u00b0 RIF-E-M du II\u00b0 Bataillon (Cne CARRIBOU)<br \/>\nInspecteur primaire \u00e0 Vouziers<br \/>\n<\/em><\/p>\n<p>Cet enfer a dur\u00e9 6 heures : de 8\/9h \u00e0 15h. De 15h \u00e0 16h30, c&rsquo;est le pilonnage des positions arri\u00e8res : Bulson &#8211; Noyers &#8211; Ch\u00e9mery.<\/p>\n<p><strong>L&rsquo;exode<\/strong><br \/>\n<img loading=\"lazy\" decoding=\"async\" src=\"http:\/\/www.ardennes1940aceuxquiontresiste.org\/wp-content\/uploads\/VentTerreurEvacuation.jpg\" alt=\"VentTerreurEvacuation\" width=\"250\" height=\"354\" class=\"alignright size-full wp-image-1490\" srcset=\"http:\/\/www.ardennes1940aceuxquiontresiste.org\/wp-content\/uploads\/VentTerreurEvacuation.jpg 250w, http:\/\/www.ardennes1940aceuxquiontresiste.org\/wp-content\/uploads\/VentTerreurEvacuation-211x300.jpg 211w\" sizes=\"auto, (max-width: 250px) 100vw, 250px\" \/><br \/>\n1940, c&rsquo;est 22 ans apr\u00e8s 1918, ann\u00e9e de la lib\u00e9ration des Ardennes, seul d\u00e9partement TOTALEMENT occup\u00e9 et pratiquement ANNEX\u00c9 par l&#8217;empire allemand. Les souvenirs amers de l&rsquo;invasion et de cette occupation sont encore tout frais dans les m\u00e9moires. Un plan d&rsquo;\u00e9vacuation avait \u00e9t\u00e9 \u00e9tudi\u00e9. Le d\u00e9partement des Deux S\u00e8vres \u00e9tait charg\u00e9 d&rsquo;accueillir les Ardennais. Des responsables de la D\u00e9fense Passive existaient dans les villes, charg\u00e9s de canaliser l&rsquo;\u00e9vacuation de la population.<\/p>\n<p>L&rsquo;orde d&rsquo;\u00e9vacuer arrive le 11 \u00e0 Sedan et dans toutes les communes au nord de la Meuse. Les gens partent en autobus, camion, auto, moto, bicycette, voiture \u00e0 cheval, avec une brouette, une voiture d&rsquo;enfant, \u00e0 pied&#8230;avec du b\u00e9tail&#8230;<\/p>\n<p>Les routes s&#8217;emplissent des populations qui fuient, apeur\u00e9es par les avions \u00e0 croix noire qui mitraillent et bombardent les gares et carrefours&#8230; et dans le bruit des tirs de l&rsquo;artillerie lourde fran\u00e7aise. Des navettes sont organis\u00e9es \u00e0 Sedan pour transporter le maximum de gens au-d\u00e9l\u00e0 de Ch\u00e9mery &#8211; Vendresse &#8211; Tourteron. Elles croisent des convois militaires de chars et d&rsquo;infanterie qui montent en ligne. Les r\u00e9fugi\u00e9s belges affluent. Des maisons br\u00fblent. Les gares sont bombard\u00e9es : il faut sans cesse aller plus loin : Amagne, Attigny, Voncq, Vandy, Manre&#8230;<\/p>\n<p>Et il faut de l&rsquo;essence pour les camions, de la nourriture pour tout ce peuple&#8230; C&rsquo;est un tohu-bohu indescriptible!<\/p>\n<p><a href=\"http:\/\/www.ardennes1940aceuxquiontresiste.org\/?page_id=36\">Suivre ce lien vers l&rsquo;annexe sur l&rsquo;exode des Belges et des Ardennais de 1914 pour mieux comprendre l&rsquo;exode de 1940<\/a><\/p>\n<p><strong>D\u00e9bandade &#8211; Panique<\/strong><\/p>\n<p>Dans l&rsquo;apr\u00e8s-midi du 13 mai, le responsable adjoint de la D\u00e9fense Passive de Sedan allant de Tourteron \u00e0 Chagny note: \u00ab\u00a0de nombreuses voitures militaires archi-combles filaient plein gaz, au milieu des r\u00e9fugi\u00e9s, me criant : \u00ab\u00a0Fa\u00eetes demi-tour, n&rsquo;allez pas plus loin ! les Boches arrivent\u00a0\u00bb et, comme j&rsquo;insistais, d&rsquo;autres me r\u00e9pondaient :\u00a0\u00bbne discutez pas ! faites ce qu&rsquo;on vous dit ! demi-tour !\u00a0\u00bb J&rsquo;ai insist\u00e9 tout de m\u00eame et je n&rsquo;ai pas vu les Boches.\u00a0\u00bb &#8211; <em>Annales sedannaises n\u00b06<\/em><br \/>\n<img loading=\"lazy\" decoding=\"async\" src=\"http:\/\/www.ardennes1940aceuxquiontresiste.org\/wp-content\/uploads\/VentTerreurExode.gif\" alt=\"VentTerreurExode\" width=\"472\" height=\"360\" class=\"alignleft size-full wp-image-1488\" \/><br \/>\nDans l&rsquo;apr\u00e8s-midi du 14 mai, on devine que partout les nerfs sont \u00e0 bout dans cette mar\u00e9e humaine. Vers 18h, se d\u00e9veloppe un vent de panique sur la route de Bulson \u00e0 Maisoncelle : on dit que des chars arrivent de la Marf\u00e9e sur Chaumont et Bulson&#8230; On a vu des lueurs de d\u00e9parts de coups&#8230; ou d&rsquo;explosion&#8230; Peu importe : le bruit se r\u00e9pand, la foule grossit&#8230; on abandonne tout et on fuit sur la petite route. Le commandant de l&rsquo;artillerie lourde alert\u00e9 \u00e0 son PC de FLaba donne l&rsquo;ordre de repli imm\u00e9diat, sans rien v\u00e9rifier. Les artilleurs sabotent leurs pi\u00e8ces trop bien ancr\u00e9es dans leurs positions et filent avec attelages et caissons. Des officiers d&rsquo;EM tentent de s&rsquo;interposer au PC de Fond Dagot, mais en vain. Il finissent d&rsquo;ailleurs par suivre le mouvement et les t\u00e9l\u00e9phonistes d\u00e9truisent les central t\u00e9l\u00e9phonique avant de quitter les lieux.<\/p>\n<p>\u00ab\u00a0Des centaines, un millier d&rsquo;hommes peut-\u00eatre, de toutes armes, sans paquetage, sans fusil, courant ou au pas acc\u00e9l\u00e9r\u00e9, arrivaient sur la route, r\u00e9p\u00e9tant sans cesse : \u00ab\u00a0Foutez le camp ! Les Boches sont l\u00e0 ! Les chars arrivent ! il n&rsquo;y a rien \u00e0 faire ! nous sommes foutus ! nous sommes trahis !\u00a0\u00bb. Cela dura une heure, une demi-heure, un quart d&rsquo;heure, peut-\u00eatre plus, peut-\u00eatre moins : l&rsquo;\u00e9v\u00e8nement laissait incr\u00e9dule..\u00a0\u00bb &#8211; <em>T\u00e9moignage d&rsquo;un officier du 331\u00b0 RI en poste \u00e0 Fond Dagot<\/em><\/p>\n<p>Le 14 au matin, le secteur \u00e9tait r\u00e9occup\u00e9 et combattait la pouss\u00e9e ennemie avec quelque succ\u00e8s. Certains artilleurs avaient d&rsquo;ailleurs \u00e9chapp\u00e9 \u00e0 cette panique et s&rsquo;\u00e9taient repli\u00e9s sereinement sur MAISONCELLE et LE MONT DIEU d&rsquo;o\u00f9 ils servirent d&rsquo;appui aux troupes qui s&rsquo;installaient (3\u00b0 DIM). Cet \u00e9v\u00e8nement a fait les gros titres de certaines \u00e9tudes lui donnant un retentissement exag\u00e9r\u00e9 \u00e0 notre sens. Un simple contact radio aurait permis de v\u00e9rifier ce bruit puisqu&rsquo;il y avait toujours des unit\u00e9s en place, mais c&rsquo;\u00e9tait totalement INTERDIT ! la m\u00e9fiance r\u00e9gnait&#8230;<\/p>\n<p><a href=\"#top\">Haut de la page<\/a><span style=\"float:right\">Lire la suite : <a href=\"http:\/\/www.ardennes1940aceuxquiontresiste.org\/?page_id=31\">14 mai le jour d\u00e9cisif<\/a><\/span><\/p>\n","protected":false},"excerpt":{"rendered":"<p>Acc\u00e8s rapide aux paragraphes : Le chambardement permanent La perc\u00e9e Vent de terreur g\u00e9n\u00e9ralis\u00e9 Le chambardement permanent Chambardement permanent \u00e0 la 55\u00b0 DI : source de confusion Le secteur de SEDAN comprenait 3 sous-secteurs avec chacun 1 r\u00e9giment ; chaque sous-secteur, 3 quartiers (1 bataillon) et chaque quartier , 3 centres de r\u00e9sistance (1 compagnie [&hellip;]<\/p>\n","protected":false},"author":1,"featured_media":0,"parent":22,"menu_order":5,"comment_status":"closed","ping_status":"closed","template":"page-templates\/front-page.php","meta":{"footnotes":""},"class_list":["post-30","page","type-page","status-publish","hentry"],"_links":{"self":[{"href":"http:\/\/www.ardennes1940aceuxquiontresiste.org\/index.php?rest_route=\/wp\/v2\/pages\/30","targetHints":{"allow":["GET"]}}],"collection":[{"href":"http:\/\/www.ardennes1940aceuxquiontresiste.org\/index.php?rest_route=\/wp\/v2\/pages"}],"about":[{"href":"http:\/\/www.ardennes1940aceuxquiontresiste.org\/index.php?rest_route=\/wp\/v2\/types\/page"}],"author":[{"embeddable":true,"href":"http:\/\/www.ardennes1940aceuxquiontresiste.org\/index.php?rest_route=\/wp\/v2\/users\/1"}],"replies":[{"embeddable":true,"href":"http:\/\/www.ardennes1940aceuxquiontresiste.org\/index.php?rest_route=%2Fwp%2Fv2%2Fcomments&post=30"}],"version-history":[{"count":14,"href":"http:\/\/www.ardennes1940aceuxquiontresiste.org\/index.php?rest_route=\/wp\/v2\/pages\/30\/revisions"}],"predecessor-version":[{"id":1904,"href":"http:\/\/www.ardennes1940aceuxquiontresiste.org\/index.php?rest_route=\/wp\/v2\/pages\/30\/revisions\/1904"}],"up":[{"embeddable":true,"href":"http:\/\/www.ardennes1940aceuxquiontresiste.org\/index.php?rest_route=\/wp\/v2\/pages\/22"}],"wp:attachment":[{"href":"http:\/\/www.ardennes1940aceuxquiontresiste.org\/index.php?rest_route=%2Fwp%2Fv2%2Fmedia&parent=30"}],"curies":[{"name":"wp","href":"https:\/\/api.w.org\/{rel}","templated":true}]}}